{"id":68,"date":"2023-02-17T16:35:27","date_gmt":"2023-02-17T16:35:27","guid":{"rendered":"https:\/\/wild-spots.com\/?page_id=68"},"modified":"2023-09-29T12:54:15","modified_gmt":"2023-09-29T12:54:15","slug":"auc","status":"publish","type":"page","link":"https:\/\/wild-spots.com\/fr\/auc\/","title":{"rendered":"WILD SPOT AUC"},"content":{"rendered":"<p>Un Wild Spot est un hotspot sp\u00e9cial : c'est un espace de bien-\u00eatre communautaire qui permet de se d\u00e9connecter du num\u00e9rique, et de se reconnecter avec la nature et les autres.&nbsp;<\/p>\n\n\n\n<p>Wild Spot AUC a \u00e9t\u00e9 d\u00e9velopp\u00e9 en tant qu'intervention d'urbanisme temporaire par les \u00e9tudiants en Anthropologies de la Communaut\u00e9 de l'Amsterdam University College. Les installations sont bas\u00e9es sur des recherches participative sur les facteurs de stress et d'anxi\u00e9t\u00e9 quotidiens de la communaut\u00e9, ses pratiques de bien-\u00eatre et ses modes de relation avec la nature. La premi\u00e8re s\u00e9rie d'installations invite les individus \u00e0 faire une pause, \u00e0 remarquer la nature et \u00e0 se reconnecter avec eux-m\u00eames ; une autre s\u00e9rie vise la convivialit\u00e9 et plante des graines d'interaction parmi les \u00e9l\u00e9ments concrets ; enfin, une s\u00e9rie d'installations est consacr\u00e9e au soutien de la vie non humaine. Un calendrier d'activit\u00e9s communautaires et de bien-\u00eatre imagin\u00e9es par les \u00e9tudiants a \u00e9t\u00e9 d\u00e9ploy\u00e9 en juin 2023.\u00a0<\/p>\n\n\n\n<figure class=\"wp-block-embed aligncenter is-type-video is-provider-youtube wp-block-embed-youtube wp-embed-aspect-16-9 wp-has-aspect-ratio\"><div class=\"wp-block-embed__wrapper\">\n<iframe loading=\"lazy\" title=\"The making of the first Wild Spot - Trailer\" width=\"500\" height=\"281\" src=\"https:\/\/www.youtube.com\/embed\/kKhNWV4jgk4?feature=oembed\" frameborder=\"0\" allow=\"accelerometer; autoplay; clipboard-write; encrypted-media; gyroscope; picture-in-picture; web-share\" referrerpolicy=\"strict-origin-when-cross-origin\" allowfullscreen><\/iframe>\n<\/div><figcaption class=\"wp-element-caption\">Watch the short documentary below!<\/figcaption><\/figure>\n\n\n\n<p>Les installations faisaient partie du festival paysager du parc scientifique d'Amsterdam \"Met andere ogen\" (\"avec d'autres yeux\") organis\u00e9 par Waag jusqu'au 31 ao\u00fbt. Le projet a \u00e9t\u00e9 pr\u00e9sent\u00e9 lors de la c\u00e9l\u00e9bration de la nuit de la Saint-Jean le 21 juin 2023 : une soir\u00e9e de discussions, de promenades, de pique-niques et de musique. Les \u00e9l\u00e8ves ont pr\u00e9par\u00e9 une surprise sp\u00e9ciale pour la soir\u00e9e !<\/p>\n\n\n\n<p>Le processus participatif et le contenu p\u00e9dagogique de Wild Spot ont \u00e9t\u00e9 con\u00e7us et anim\u00e9s par Marta Arniani (<a rel=\"noreferrer noopener\" href=\"https:\/\/futuribile.org\/\" target=\"_blank\">Futuribile<\/a>) avec le support de Nicoletta Piersantelli et Andrea Balestrini (<a rel=\"noreferrer noopener\" href=\"https:\/\/www.landsrl.com\/\" target=\"_blank\">LAND<\/a>), Rosalie Baak (<a rel=\"noreferrer noopener\" href=\"https:\/\/waag.org\/en\/\" target=\"_blank\">Waag<\/a>) et Hadas Zohar (<a rel=\"noreferrer noopener\" href=\"https:\/\/www.en.aau.dk\/education\/master\/service-systems-design\" target=\"_blank\">Aalborg University<\/a>dans le contexte du projet <a rel=\"noreferrer noopener\" href=\"https:\/\/www.t-factor.eu\/\" target=\"_blank\">T-Factor<\/a> . Un remerciement sp\u00e9cial au Professeur <a rel=\"noreferrer noopener\" href=\"https:\/\/www.auc.nl\/shared-content\/news\/news\/faculty\/acc\/dalby-scott.html\" target=\"_blank\">Scott Dalby<\/a>.<\/p>\n\n\n\n<figure class=\"wp-block-embed is-type-video is-provider-youtube wp-block-embed-youtube wp-embed-aspect-16-9 wp-has-aspect-ratio\"><div class=\"wp-block-embed__wrapper\">\n<iframe loading=\"lazy\" title=\"The making of the first Wild Spot - A short documentary\" width=\"500\" height=\"281\" src=\"https:\/\/www.youtube.com\/embed\/M2ElO62UgvA?feature=oembed\" frameborder=\"0\" allow=\"accelerometer; autoplay; clipboard-write; encrypted-media; gyroscope; picture-in-picture; web-share\" referrerpolicy=\"strict-origin-when-cross-origin\" allowfullscreen><\/iframe>\n<\/div><\/figure>\n\n\n\n<figure class=\"wp-block-gallery has-nested-images columns-default is-cropped wp-block-gallery-1 is-layout-flex wp-block-gallery-is-layout-flex\">\n<figure class=\"wp-block-image size-large is-style-default\"><img loading=\"lazy\" decoding=\"async\" width=\"1024\" height=\"683\" data-id=\"96\" src=\"https:\/\/wild-spots.com\/wp-content\/uploads\/2023\/05\/IMG_9492-1024x683.jpeg\" alt=\"\" class=\"wp-image-96\" srcset=\"https:\/\/wild-spots.com\/wp-content\/uploads\/2023\/05\/IMG_9492-1024x683.jpeg 1024w, https:\/\/wild-spots.com\/wp-content\/uploads\/2023\/05\/IMG_9492-300x200.jpeg 300w, https:\/\/wild-spots.com\/wp-content\/uploads\/2023\/05\/IMG_9492-768x512.jpeg 768w, https:\/\/wild-spots.com\/wp-content\/uploads\/2023\/05\/IMG_9492.jpeg 1200w\" sizes=\"auto, (max-width: 1024px) 100vw, 1024px\" \/><\/figure>\n\n\n\n<figure class=\"wp-block-image size-large\"><img loading=\"lazy\" decoding=\"async\" width=\"1024\" height=\"683\" data-id=\"95\" src=\"https:\/\/wild-spots.com\/wp-content\/uploads\/2023\/05\/IMG_9523-1024x683.jpeg\" alt=\"\" class=\"wp-image-95\" srcset=\"https:\/\/wild-spots.com\/wp-content\/uploads\/2023\/05\/IMG_9523-1024x683.jpeg 1024w, https:\/\/wild-spots.com\/wp-content\/uploads\/2023\/05\/IMG_9523-300x200.jpeg 300w, https:\/\/wild-spots.com\/wp-content\/uploads\/2023\/05\/IMG_9523-768x512.jpeg 768w, https:\/\/wild-spots.com\/wp-content\/uploads\/2023\/05\/IMG_9523.jpeg 1200w\" sizes=\"auto, (max-width: 1024px) 100vw, 1024px\" \/><\/figure>\n\n\n\n<figure class=\"wp-block-image size-large\"><img loading=\"lazy\" decoding=\"async\" width=\"1024\" height=\"683\" data-id=\"88\" src=\"https:\/\/wild-spots.com\/wp-content\/uploads\/2023\/05\/IMG_9498-1024x683.jpeg\" alt=\"\" class=\"wp-image-88\" srcset=\"https:\/\/wild-spots.com\/wp-content\/uploads\/2023\/05\/IMG_9498-1024x683.jpeg 1024w, https:\/\/wild-spots.com\/wp-content\/uploads\/2023\/05\/IMG_9498-300x200.jpeg 300w, https:\/\/wild-spots.com\/wp-content\/uploads\/2023\/05\/IMG_9498-768x512.jpeg 768w, https:\/\/wild-spots.com\/wp-content\/uploads\/2023\/05\/IMG_9498.jpeg 1200w\" sizes=\"auto, (max-width: 1024px) 100vw, 1024px\" \/><\/figure>\n\n\n\n<figure class=\"wp-block-image size-large\"><img loading=\"lazy\" decoding=\"async\" width=\"1024\" height=\"768\" data-id=\"92\" src=\"https:\/\/wild-spots.com\/wp-content\/uploads\/2023\/05\/PHOTO-2023-05-04-18-02-24-1024x768.jpg\" alt=\"\" class=\"wp-image-92\" srcset=\"https:\/\/wild-spots.com\/wp-content\/uploads\/2023\/05\/PHOTO-2023-05-04-18-02-24-1024x768.jpg 1024w, https:\/\/wild-spots.com\/wp-content\/uploads\/2023\/05\/PHOTO-2023-05-04-18-02-24-300x225.jpg 300w, https:\/\/wild-spots.com\/wp-content\/uploads\/2023\/05\/PHOTO-2023-05-04-18-02-24-768x576.jpg 768w, https:\/\/wild-spots.com\/wp-content\/uploads\/2023\/05\/PHOTO-2023-05-04-18-02-24-1536x1152.jpg 1536w, https:\/\/wild-spots.com\/wp-content\/uploads\/2023\/05\/PHOTO-2023-05-04-18-02-24.jpg 2048w\" sizes=\"auto, (max-width: 1024px) 100vw, 1024px\" \/><\/figure>\n\n\n\n<figure class=\"wp-block-image size-large\"><img loading=\"lazy\" decoding=\"async\" width=\"1024\" height=\"683\" data-id=\"90\" src=\"https:\/\/wild-spots.com\/wp-content\/uploads\/2023\/05\/IMG_9501-1024x683.jpeg\" alt=\"\" class=\"wp-image-90\" srcset=\"https:\/\/wild-spots.com\/wp-content\/uploads\/2023\/05\/IMG_9501-1024x683.jpeg 1024w, https:\/\/wild-spots.com\/wp-content\/uploads\/2023\/05\/IMG_9501-300x200.jpeg 300w, https:\/\/wild-spots.com\/wp-content\/uploads\/2023\/05\/IMG_9501-768x512.jpeg 768w, https:\/\/wild-spots.com\/wp-content\/uploads\/2023\/05\/IMG_9501.jpeg 1200w\" sizes=\"auto, (max-width: 1024px) 100vw, 1024px\" \/><\/figure>\n\n\n\n<figure class=\"wp-block-image size-large\"><img loading=\"lazy\" decoding=\"async\" width=\"1024\" height=\"682\" data-id=\"93\" src=\"https:\/\/wild-spots.com\/wp-content\/uploads\/2023\/05\/IMG_9546-1024x682.jpeg\" alt=\"\" class=\"wp-image-93\" srcset=\"https:\/\/wild-spots.com\/wp-content\/uploads\/2023\/05\/IMG_9546-1024x682.jpeg 1024w, https:\/\/wild-spots.com\/wp-content\/uploads\/2023\/05\/IMG_9546-300x200.jpeg 300w, https:\/\/wild-spots.com\/wp-content\/uploads\/2023\/05\/IMG_9546-768x511.jpeg 768w, https:\/\/wild-spots.com\/wp-content\/uploads\/2023\/05\/IMG_9546.jpeg 1200w\" sizes=\"auto, (max-width: 1024px) 100vw, 1024px\" \/><\/figure>\n\n\n\n<figure class=\"wp-block-image size-large\"><img loading=\"lazy\" decoding=\"async\" width=\"768\" height=\"1024\" data-id=\"89\" src=\"https:\/\/wild-spots.com\/wp-content\/uploads\/2023\/05\/PHOTO-2023-05-04-17-52-58-768x1024.jpg\" alt=\"\" class=\"wp-image-89\" srcset=\"https:\/\/wild-spots.com\/wp-content\/uploads\/2023\/05\/PHOTO-2023-05-04-17-52-58-768x1024.jpg 768w, https:\/\/wild-spots.com\/wp-content\/uploads\/2023\/05\/PHOTO-2023-05-04-17-52-58-225x300.jpg 225w, https:\/\/wild-spots.com\/wp-content\/uploads\/2023\/05\/PHOTO-2023-05-04-17-52-58-1152x1536.jpg 1152w, https:\/\/wild-spots.com\/wp-content\/uploads\/2023\/05\/PHOTO-2023-05-04-17-52-58.jpg 1536w\" sizes=\"auto, (max-width: 768px) 100vw, 768px\" \/><\/figure>\n\n\n\n<figure class=\"wp-block-image size-large\"><img loading=\"lazy\" decoding=\"async\" width=\"1024\" height=\"768\" data-id=\"91\" src=\"https:\/\/wild-spots.com\/wp-content\/uploads\/2023\/05\/PHOTO-2023-05-04-18-02-32-1024x768.jpg\" alt=\"\" class=\"wp-image-91\" srcset=\"https:\/\/wild-spots.com\/wp-content\/uploads\/2023\/05\/PHOTO-2023-05-04-18-02-32-1024x768.jpg 1024w, https:\/\/wild-spots.com\/wp-content\/uploads\/2023\/05\/PHOTO-2023-05-04-18-02-32-300x225.jpg 300w, https:\/\/wild-spots.com\/wp-content\/uploads\/2023\/05\/PHOTO-2023-05-04-18-02-32-768x576.jpg 768w, https:\/\/wild-spots.com\/wp-content\/uploads\/2023\/05\/PHOTO-2023-05-04-18-02-32-1536x1152.jpg 1536w, https:\/\/wild-spots.com\/wp-content\/uploads\/2023\/05\/PHOTO-2023-05-04-18-02-32.jpg 2048w\" sizes=\"auto, (max-width: 1024px) 100vw, 1024px\" \/><\/figure>\n\n\n\n<figure class=\"wp-block-image size-large\"><img loading=\"lazy\" decoding=\"async\" width=\"1024\" height=\"768\" data-id=\"94\" src=\"https:\/\/wild-spots.com\/wp-content\/uploads\/2023\/05\/PHOTO-2023-05-04-18-02-23-1024x768.jpg\" alt=\"\" class=\"wp-image-94\" srcset=\"https:\/\/wild-spots.com\/wp-content\/uploads\/2023\/05\/PHOTO-2023-05-04-18-02-23-1024x768.jpg 1024w, https:\/\/wild-spots.com\/wp-content\/uploads\/2023\/05\/PHOTO-2023-05-04-18-02-23-300x225.jpg 300w, https:\/\/wild-spots.com\/wp-content\/uploads\/2023\/05\/PHOTO-2023-05-04-18-02-23-768x576.jpg 768w, https:\/\/wild-spots.com\/wp-content\/uploads\/2023\/05\/PHOTO-2023-05-04-18-02-23-1536x1152.jpg 1536w, https:\/\/wild-spots.com\/wp-content\/uploads\/2023\/05\/PHOTO-2023-05-04-18-02-23.jpg 2048w\" sizes=\"auto, (max-width: 1024px) 100vw, 1024px\" \/><\/figure>\n\n\n\n<figure class=\"wp-block-image size-large\"><img loading=\"lazy\" decoding=\"async\" width=\"1024\" height=\"682\" data-id=\"114\" src=\"https:\/\/wild-spots.com\/wp-content\/uploads\/2023\/06\/IMG_9641-min-1024x682.jpeg\" alt=\"\" class=\"wp-image-114\" srcset=\"https:\/\/wild-spots.com\/wp-content\/uploads\/2023\/06\/IMG_9641-min-1024x682.jpeg 1024w, https:\/\/wild-spots.com\/wp-content\/uploads\/2023\/06\/IMG_9641-min-300x200.jpeg 300w, https:\/\/wild-spots.com\/wp-content\/uploads\/2023\/06\/IMG_9641-min-768x512.jpeg 768w, https:\/\/wild-spots.com\/wp-content\/uploads\/2023\/06\/IMG_9641-min-1536x1023.jpeg 1536w, https:\/\/wild-spots.com\/wp-content\/uploads\/2023\/06\/IMG_9641-min-2048x1364.jpeg 2048w\" sizes=\"auto, (max-width: 1024px) 100vw, 1024px\" \/><\/figure>\n\n\n\n<figure class=\"wp-block-image size-large\"><img loading=\"lazy\" decoding=\"async\" width=\"1024\" height=\"683\" data-id=\"115\" src=\"https:\/\/wild-spots.com\/wp-content\/uploads\/2023\/06\/IMG_9605-min-1024x683.jpeg\" alt=\"\" class=\"wp-image-115\" srcset=\"https:\/\/wild-spots.com\/wp-content\/uploads\/2023\/06\/IMG_9605-min-1024x683.jpeg 1024w, https:\/\/wild-spots.com\/wp-content\/uploads\/2023\/06\/IMG_9605-min-300x200.jpeg 300w, https:\/\/wild-spots.com\/wp-content\/uploads\/2023\/06\/IMG_9605-min-768x513.jpeg 768w, https:\/\/wild-spots.com\/wp-content\/uploads\/2023\/06\/IMG_9605-min-1536x1025.jpeg 1536w, https:\/\/wild-spots.com\/wp-content\/uploads\/2023\/06\/IMG_9605-min-2048x1367.jpeg 2048w\" sizes=\"auto, (max-width: 1024px) 100vw, 1024px\" \/><\/figure>\n\n\n\n<figure class=\"wp-block-image size-large\"><img loading=\"lazy\" decoding=\"async\" width=\"1024\" height=\"683\" data-id=\"116\" src=\"https:\/\/wild-spots.com\/wp-content\/uploads\/2023\/06\/IMG_9618-min-1024x683.jpeg\" alt=\"\" class=\"wp-image-116\" srcset=\"https:\/\/wild-spots.com\/wp-content\/uploads\/2023\/06\/IMG_9618-min-1024x683.jpeg 1024w, https:\/\/wild-spots.com\/wp-content\/uploads\/2023\/06\/IMG_9618-min-300x200.jpeg 300w, https:\/\/wild-spots.com\/wp-content\/uploads\/2023\/06\/IMG_9618-min-768x513.jpeg 768w, https:\/\/wild-spots.com\/wp-content\/uploads\/2023\/06\/IMG_9618-min-1536x1025.jpeg 1536w, https:\/\/wild-spots.com\/wp-content\/uploads\/2023\/06\/IMG_9618-min-2048x1367.jpeg 2048w\" sizes=\"auto, (max-width: 1024px) 100vw, 1024px\" \/><\/figure>\n\n\n\n<figure class=\"wp-block-image size-large\"><img loading=\"lazy\" decoding=\"async\" width=\"1024\" height=\"683\" data-id=\"118\" src=\"https:\/\/wild-spots.com\/wp-content\/uploads\/2023\/06\/IMG_9660-min-1024x683.jpeg\" alt=\"\" class=\"wp-image-118\" srcset=\"https:\/\/wild-spots.com\/wp-content\/uploads\/2023\/06\/IMG_9660-min-1024x683.jpeg 1024w, https:\/\/wild-spots.com\/wp-content\/uploads\/2023\/06\/IMG_9660-min-300x200.jpeg 300w, https:\/\/wild-spots.com\/wp-content\/uploads\/2023\/06\/IMG_9660-min-768x513.jpeg 768w, https:\/\/wild-spots.com\/wp-content\/uploads\/2023\/06\/IMG_9660-min-1536x1025.jpeg 1536w, https:\/\/wild-spots.com\/wp-content\/uploads\/2023\/06\/IMG_9660-min-2048x1367.jpeg 2048w\" sizes=\"auto, (max-width: 1024px) 100vw, 1024px\" \/><\/figure>\n\n\n\n<figure class=\"wp-block-image size-large\"><img loading=\"lazy\" decoding=\"async\" width=\"1024\" height=\"683\" data-id=\"119\" src=\"https:\/\/wild-spots.com\/wp-content\/uploads\/2023\/06\/IMG_9679-min-1024x683.jpeg\" alt=\"\" class=\"wp-image-119\" srcset=\"https:\/\/wild-spots.com\/wp-content\/uploads\/2023\/06\/IMG_9679-min-1024x683.jpeg 1024w, https:\/\/wild-spots.com\/wp-content\/uploads\/2023\/06\/IMG_9679-min-300x200.jpeg 300w, https:\/\/wild-spots.com\/wp-content\/uploads\/2023\/06\/IMG_9679-min-768x513.jpeg 768w, https:\/\/wild-spots.com\/wp-content\/uploads\/2023\/06\/IMG_9679-min-1536x1025.jpeg 1536w, https:\/\/wild-spots.com\/wp-content\/uploads\/2023\/06\/IMG_9679-min-2048x1367.jpeg 2048w\" sizes=\"auto, (max-width: 1024px) 100vw, 1024px\" \/><\/figure>\n\n\n\n<figure class=\"wp-block-image size-large\"><img loading=\"lazy\" decoding=\"async\" width=\"1024\" height=\"683\" data-id=\"117\" src=\"https:\/\/wild-spots.com\/wp-content\/uploads\/2023\/06\/IMG_9669-1024x683.jpeg\" alt=\"\" class=\"wp-image-117\" srcset=\"https:\/\/wild-spots.com\/wp-content\/uploads\/2023\/06\/IMG_9669-1024x683.jpeg 1024w, https:\/\/wild-spots.com\/wp-content\/uploads\/2023\/06\/IMG_9669-300x200.jpeg 300w, https:\/\/wild-spots.com\/wp-content\/uploads\/2023\/06\/IMG_9669-768x513.jpeg 768w, https:\/\/wild-spots.com\/wp-content\/uploads\/2023\/06\/IMG_9669-1536x1025.jpeg 1536w, https:\/\/wild-spots.com\/wp-content\/uploads\/2023\/06\/IMG_9669-2048x1367.jpeg 2048w\" sizes=\"auto, (max-width: 1024px) 100vw, 1024px\" \/><\/figure>\n\n\n\n<figure class=\"wp-block-image size-large\"><img loading=\"lazy\" decoding=\"async\" width=\"1024\" height=\"683\" data-id=\"125\" src=\"https:\/\/wild-spots.com\/wp-content\/uploads\/2023\/06\/IMG_9702-min-1024x683.jpeg\" alt=\"\" class=\"wp-image-125\" srcset=\"https:\/\/wild-spots.com\/wp-content\/uploads\/2023\/06\/IMG_9702-min-1024x683.jpeg 1024w, https:\/\/wild-spots.com\/wp-content\/uploads\/2023\/06\/IMG_9702-min-300x200.jpeg 300w, https:\/\/wild-spots.com\/wp-content\/uploads\/2023\/06\/IMG_9702-min-768x513.jpeg 768w, https:\/\/wild-spots.com\/wp-content\/uploads\/2023\/06\/IMG_9702-min-1536x1025.jpeg 1536w, https:\/\/wild-spots.com\/wp-content\/uploads\/2023\/06\/IMG_9702-min-2048x1367.jpeg 2048w\" sizes=\"auto, (max-width: 1024px) 100vw, 1024px\" \/><\/figure>\n\n\n\n<figure class=\"wp-block-image size-large\"><img loading=\"lazy\" decoding=\"async\" width=\"1024\" height=\"683\" data-id=\"124\" src=\"https:\/\/wild-spots.com\/wp-content\/uploads\/2023\/06\/IMG_9723-1024x683.jpg\" alt=\"\" class=\"wp-image-124\" srcset=\"https:\/\/wild-spots.com\/wp-content\/uploads\/2023\/06\/IMG_9723-1024x683.jpg 1024w, https:\/\/wild-spots.com\/wp-content\/uploads\/2023\/06\/IMG_9723-300x200.jpg 300w, https:\/\/wild-spots.com\/wp-content\/uploads\/2023\/06\/IMG_9723-768x512.jpg 768w, https:\/\/wild-spots.com\/wp-content\/uploads\/2023\/06\/IMG_9723-1536x1024.jpg 1536w, https:\/\/wild-spots.com\/wp-content\/uploads\/2023\/06\/IMG_9723-2048x1365.jpg 2048w\" sizes=\"auto, (max-width: 1024px) 100vw, 1024px\" \/><\/figure>\n\n\n\n<figure class=\"wp-block-image size-large\"><img loading=\"lazy\" decoding=\"async\" width=\"1024\" height=\"683\" data-id=\"123\" src=\"https:\/\/wild-spots.com\/wp-content\/uploads\/2023\/06\/IMG_9744-1024x683.jpg\" alt=\"\" class=\"wp-image-123\" srcset=\"https:\/\/wild-spots.com\/wp-content\/uploads\/2023\/06\/IMG_9744-1024x683.jpg 1024w, https:\/\/wild-spots.com\/wp-content\/uploads\/2023\/06\/IMG_9744-300x200.jpg 300w, https:\/\/wild-spots.com\/wp-content\/uploads\/2023\/06\/IMG_9744-768x512.jpg 768w, https:\/\/wild-spots.com\/wp-content\/uploads\/2023\/06\/IMG_9744-1536x1024.jpg 1536w, https:\/\/wild-spots.com\/wp-content\/uploads\/2023\/06\/IMG_9744-2048x1365.jpg 2048w\" sizes=\"auto, (max-width: 1024px) 100vw, 1024px\" \/><\/figure>\n\n\n\n<figure class=\"wp-block-image size-large\"><img loading=\"lazy\" decoding=\"async\" width=\"1024\" height=\"683\" data-id=\"120\" src=\"https:\/\/wild-spots.com\/wp-content\/uploads\/2023\/06\/IMG_9693-min-1024x683.jpeg\" alt=\"\" class=\"wp-image-120\" srcset=\"https:\/\/wild-spots.com\/wp-content\/uploads\/2023\/06\/IMG_9693-min-1024x683.jpeg 1024w, https:\/\/wild-spots.com\/wp-content\/uploads\/2023\/06\/IMG_9693-min-300x200.jpeg 300w, https:\/\/wild-spots.com\/wp-content\/uploads\/2023\/06\/IMG_9693-min-768x513.jpeg 768w, https:\/\/wild-spots.com\/wp-content\/uploads\/2023\/06\/IMG_9693-min-1536x1025.jpeg 1536w, https:\/\/wild-spots.com\/wp-content\/uploads\/2023\/06\/IMG_9693-min-2048x1367.jpeg 2048w\" sizes=\"auto, (max-width: 1024px) 100vw, 1024px\" \/><\/figure>\n\n\n\n<figure class=\"wp-block-image size-large\"><img loading=\"lazy\" decoding=\"async\" width=\"1024\" height=\"683\" data-id=\"121\" src=\"https:\/\/wild-spots.com\/wp-content\/uploads\/2023\/06\/IMG_9719-1024x683.jpg\" alt=\"\" class=\"wp-image-121\" srcset=\"https:\/\/wild-spots.com\/wp-content\/uploads\/2023\/06\/IMG_9719-1024x683.jpg 1024w, https:\/\/wild-spots.com\/wp-content\/uploads\/2023\/06\/IMG_9719-300x200.jpg 300w, https:\/\/wild-spots.com\/wp-content\/uploads\/2023\/06\/IMG_9719-768x512.jpg 768w, https:\/\/wild-spots.com\/wp-content\/uploads\/2023\/06\/IMG_9719-1536x1024.jpg 1536w, https:\/\/wild-spots.com\/wp-content\/uploads\/2023\/06\/IMG_9719-2048x1365.jpg 2048w\" sizes=\"auto, (max-width: 1024px) 100vw, 1024px\" \/><\/figure>\n<\/figure>","protected":false},"excerpt":{"rendered":"<p>A Wild Spot is a special hotspot: it is a community wellbeing area to disconnect from digital mindless scrolling and anxiety, and reconnect with nature and others.&nbsp; Wild Spot AUC was developed as a temporary urbanism intervention by Anthropologies of Community students from Amsterdam University College. The installations are based on research on the community\u2019s [&hellip;]<\/p>\n","protected":false},"author":1,"featured_media":0,"parent":0,"menu_order":0,"comment_status":"closed","ping_status":"closed","template":"","meta":{"_coblocks_attr":"","_coblocks_dimensions":"","_coblocks_responsive_height":"","_coblocks_accordion_ie_support":"","footnotes":""},"class_list":["post-68","page","type-page","status-publish","hentry"],"_links":{"self":[{"href":"https:\/\/wild-spots.com\/fr\/wp-json\/wp\/v2\/pages\/68","targetHints":{"allow":["GET"]}}],"collection":[{"href":"https:\/\/wild-spots.com\/fr\/wp-json\/wp\/v2\/pages"}],"about":[{"href":"https:\/\/wild-spots.com\/fr\/wp-json\/wp\/v2\/types\/page"}],"author":[{"embeddable":true,"href":"https:\/\/wild-spots.com\/fr\/wp-json\/wp\/v2\/users\/1"}],"replies":[{"embeddable":true,"href":"https:\/\/wild-spots.com\/fr\/wp-json\/wp\/v2\/comments?post=68"}],"version-history":[{"count":12,"href":"https:\/\/wild-spots.com\/fr\/wp-json\/wp\/v2\/pages\/68\/revisions"}],"predecessor-version":[{"id":150,"href":"https:\/\/wild-spots.com\/fr\/wp-json\/wp\/v2\/pages\/68\/revisions\/150"}],"wp:attachment":[{"href":"https:\/\/wild-spots.com\/fr\/wp-json\/wp\/v2\/media?parent=68"}],"curies":[{"name":"wp","href":"https:\/\/api.w.org\/{rel}","templated":true}]}}