{"id":26,"date":"2023-02-14T14:27:00","date_gmt":"2023-02-14T14:27:00","guid":{"rendered":"https:\/\/wild-spots.com\/?page_id=26"},"modified":"2024-05-02T13:11:44","modified_gmt":"2024-05-02T13:11:44","slug":"about","status":"publish","type":"page","link":"https:\/\/wild-spots.com\/fr\/about\/","title":{"rendered":"\u00c0 propos"},"content":{"rendered":"<p>L'association culturelle Wild Spots promeut la connexion \u00e0 la nature en tant que ressource de bien-\u00eatre et education environnementale.<\/p>\n\n\n\n<p><br>Dans notre soci\u00e9t\u00e9 de plus en plus num\u00e9ris\u00e9e, il est facile de se distraire et de se d\u00e9connecter de son corps, de l'environnement et des autres, en adoptant des modes de vie s\u00e9dentaires et socialement isol\u00e9s. La vision de Wild Spots est que la r\u00e9orientation de l'attention vers la nature, les sens et le moment pr\u00e9sent peut am\u00e9liorer le bien-\u00eatre mental et physique, promouvoir une utilisation plus consciente de la technologie et avoir une forte valeur \u00e9ducative envers l'\u00e9cologie et la vie en commun. Un \"Wild Spot\" est un hotspot pour se brancher \u00e0 la nature.<br>Fort de la diversit\u00e9 de ses membres et gr\u00e2ce \u00e0 des p\u00e9dagogies sp\u00e9cifiques et interdisciplinaires mises en \u0153uvre par des professionnels et b\u00e9n\u00e9voles de l\u2019\u00e9ducation relative \u00e0 la nature, l\u2019am\u00e9nagement du paysage, la sant\u00e9 et le num\u00e9rique, Wild Spots se propose de d\u00e9velopper et d'animer des programmes d'\u00e9ducation populaire et art participatif pour les enfants, les jeunes et les adultes, des formations pour les professionnels ainsi que des interventions urbaines dans l\u2019espace public. <\/p>\n\n\n\n<p><br>Le premier Wild Spot a \u00e9t\u00e9 cr\u00e9\u00e9 au parc scientifique d'Amsterdam avec un processus participatif impliquant des \u00e9tudiants du Amsterdam University College dans le contexte du projet financ\u00e9 par la Commission Europ\u00e9enne T-Factor.<\/p>\n\n\n\n<p><strong>Supportez notre travail<\/strong><\/p>\n\n\n\n<p class=\"has-text-align-left\">cliquez sur le lien ci-dessous pour adh\u00e9rer \u00e0 Wild Spots !<\/p>\n\n\n\n<iframe id=\"haWidget\" allowtransparency=\"true\" src=\"https:\/\/www.helloasso.com\/associations\/wild-spots\/adhesions\/adhesion-a-l-association\/widget-vignette\" style=\"width: 350px; height: 450px; display:block; border: none;\"><\/iframe>","protected":false},"excerpt":{"rendered":"<p>A \u201cwild spot\u201d is an area for unplugging from technology and reconnecting with nature, whose meaning, infrastructures and practices are established through a community process. It is a hotspot for ecological placemaking and well-being that exposes and releases the tensions of the &#8220;smart city&#8221;. Starting from a critical view of the digital landscape in cities, [&hellip;]<\/p>\n","protected":false},"author":1,"featured_media":0,"parent":0,"menu_order":0,"comment_status":"closed","ping_status":"closed","template":"","meta":{"_coblocks_attr":"","_coblocks_dimensions":"","_coblocks_responsive_height":"","_coblocks_accordion_ie_support":"","footnotes":""},"class_list":["post-26","page","type-page","status-publish","hentry"],"_links":{"self":[{"href":"https:\/\/wild-spots.com\/fr\/wp-json\/wp\/v2\/pages\/26","targetHints":{"allow":["GET"]}}],"collection":[{"href":"https:\/\/wild-spots.com\/fr\/wp-json\/wp\/v2\/pages"}],"about":[{"href":"https:\/\/wild-spots.com\/fr\/wp-json\/wp\/v2\/types\/page"}],"author":[{"embeddable":true,"href":"https:\/\/wild-spots.com\/fr\/wp-json\/wp\/v2\/users\/1"}],"replies":[{"embeddable":true,"href":"https:\/\/wild-spots.com\/fr\/wp-json\/wp\/v2\/comments?post=26"}],"version-history":[{"count":11,"href":"https:\/\/wild-spots.com\/fr\/wp-json\/wp\/v2\/pages\/26\/revisions"}],"predecessor-version":[{"id":204,"href":"https:\/\/wild-spots.com\/fr\/wp-json\/wp\/v2\/pages\/26\/revisions\/204"}],"wp:attachment":[{"href":"https:\/\/wild-spots.com\/fr\/wp-json\/wp\/v2\/media?parent=26"}],"curies":[{"name":"wp","href":"https:\/\/api.w.org\/{rel}","templated":true}]}}